{"id":6287,"date":"2023-01-23T19:56:00","date_gmt":"2023-01-23T19:56:00","guid":{"rendered":"https:\/\/krsdigiarc.com\/?page_id=6287"},"modified":"2024-07-30T09:19:40","modified_gmt":"2024-07-30T09:19:40","slug":"rakennuspiirustuksia","status":"publish","type":"page","link":"https:\/\/krsdigiarc.com\/fi\/rakennuspiirustuksia\/","title":{"rendered":"Rakennuspiirustuksia"},"content":{"rendered":"\n<p class=\"\"><\/p>\n\n\n\n<div class=\"wp-block-columns is-layout-flex wp-container-core-columns-is-layout-9d6595d7 wp-block-columns-is-layout-flex\">\n<div class=\"wp-block-column is-layout-flow wp-block-column-is-layout-flow\">\n<\/div>\n\n\n\n<div class=\"wp-block-column is-layout-flow wp-block-column-is-layout-flow\">\n<figure class=\"wp-block-image size-full is-resized\"><img data-recalc-dims=\"1\" loading=\"lazy\" decoding=\"async\" width=\"649\" height=\"577\" src=\"https:\/\/i0.wp.com\/krsdigiarc.com\/wp-content\/uploads\/2022\/11\/kulturfonden.png?resize=649%2C577&#038;ssl=1\" alt=\"\" class=\"wp-image-6266\" style=\"width:150px;height:133px\" srcset=\"https:\/\/i0.wp.com\/krsdigiarc.com\/wp-content\/uploads\/2022\/11\/kulturfonden.png?w=649&amp;ssl=1 649w, https:\/\/i0.wp.com\/krsdigiarc.com\/wp-content\/uploads\/2022\/11\/kulturfonden.png?resize=300%2C267&amp;ssl=1 300w, https:\/\/i0.wp.com\/krsdigiarc.com\/wp-content\/uploads\/2022\/11\/kulturfonden.png?resize=500%2C445&amp;ssl=1 500w\" sizes=\"auto, (max-width: 649px) 100vw, 649px\" \/><figcaption class=\"wp-element-caption\">Piirustukset skannattu <a href=\"https:\/\/krsdigiarc.com\/person\/henriksson-frans-oskar\/\" title=\"Henriksson, Frans Oskar\">Frans Henrikson<\/a> s\u00e4\u00e4ti\u00f6n tuella<\/figcaption><\/figure>\n<\/div>\n<\/div>\n","protected":false},"excerpt":{"rendered":"","protected":false},"author":1,"featured_media":0,"parent":0,"menu_order":0,"comment_status":"closed","ping_status":"closed","template":"","meta":{"_acf_changed":false,"nf_dc_page":"","om_disable_all_campaigns":false,"_monsterinsights_skip_tracking":false,"_monsterinsights_sitenote_active":false,"_monsterinsights_sitenote_note":"","_monsterinsights_sitenote_category":0,"_uf_show_specific_survey":0,"_uf_disable_surveys":false,"footnotes":""},"class_list":["post-6287","page","type-page","status-publish","hentry","no-thumb"],"acf":[],"aioseo_notices":[],"jetpack_sharing_enabled":true,"_links":{"self":[{"href":"https:\/\/krsdigiarc.com\/fi\/wp-json\/wp\/v2\/pages\/6287","targetHints":{"allow":["GET"]}}],"collection":[{"href":"https:\/\/krsdigiarc.com\/fi\/wp-json\/wp\/v2\/pages"}],"about":[{"href":"https:\/\/krsdigiarc.com\/fi\/wp-json\/wp\/v2\/types\/page"}],"author":[{"embeddable":true,"href":"https:\/\/krsdigiarc.com\/fi\/wp-json\/wp\/v2\/users\/1"}],"replies":[{"embeddable":true,"href":"https:\/\/krsdigiarc.com\/fi\/wp-json\/wp\/v2\/comments?post=6287"}],"version-history":[{"count":2,"href":"https:\/\/krsdigiarc.com\/fi\/wp-json\/wp\/v2\/pages\/6287\/revisions"}],"predecessor-version":[{"id":12905,"href":"https:\/\/krsdigiarc.com\/fi\/wp-json\/wp\/v2\/pages\/6287\/revisions\/12905"}],"wp:attachment":[{"href":"https:\/\/krsdigiarc.com\/fi\/wp-json\/wp\/v2\/media?parent=6287"}],"curies":[{"name":"wp","href":"https:\/\/api.w.org\/{rel}","templated":true}]}}