{"id":3624,"date":"2022-05-11T09:16:23","date_gmt":"2022-05-11T09:16:23","guid":{"rendered":"https:\/\/krsdigiarc.com\/om-krsdigiarc\/"},"modified":"2022-05-11T12:19:37","modified_gmt":"2022-05-11T12:19:37","slug":"om-krsdigiarc","status":"publish","type":"page","link":"https:\/\/krsdigiarc.com\/fi\/om-krsdigiarc\/","title":{"rendered":"KRSDigiArc"},"content":{"rendered":"\n<p>KRSDigiArcin tarkoituksena on koota kaikki digitaalinen ja viel\u00e4 digitoimaton aineisto ja historia saman katon alle. Kristiinan vanhat kaupunkikartat, rakennuspiirustukset, palovakuutuskirjat (jotka kertovat suurimman osan rakennuksen varhaishistoriasta) jne. ovat hajallaan alueellisissa arkistoissa, kansallisissa arkistoissa (Ruotsi, Suomi), yliopistojen arkistoissa, kaupunginarkistoissa, ihmisten kodeissa&#8230; Osa asiakirjoista on saatavilla digitaalisesti, mutta ne eiv\u00e4t silti ole helppoja l\u00f6yt\u00e4\u00e4 sellaiselle, joka ei aktiivisesti etsi. Olemme my\u00f6s digitoimassa aineistoa, joka on olemassa vain paperimuodossa. Olemme esimerkiksi skannanneet 580 kuvaa kaupungin arkistossa olevista vanhoista rakennuspiirustuksista.<\/p>\n\n\n\n<p>KRSDigiArc-j\u00e4rjestelm\u00e4n on luonut Dag Bj\u00f6rklund, ja my\u00f6s suurimman osan sis\u00e4ll\u00f6st\u00e4, mutta meill\u00e4 on my\u00f6s useita muita kirjoittajia. J\u00e4rjestelm\u00e4n ideana on, ett\u00e4 sen pit\u00e4\u00e4 olla avoin kaikkien panoksille. Jos olet esimerkiksi tutkinut omaa taloasi, tunnet sen todenn\u00e4k\u00f6isesti parhaiten, ja kannustamme sinua ehk\u00e4 yll\u00e4pit\u00e4m\u00e4\u00e4n talosi sivua itse. Tai ehk\u00e4 olet tehnyt sukututkimusta tietyst\u00e4 henkil\u00f6st\u00e4. <\/p>\n\n\n\n<p>J\u00e4rjestelm\u00e4 on luotu siten, ett\u00e4 metatietoja voidaan tallentaa erityyppisille sis\u00e4ll\u00f6ille: talot, ihmiset, laivat, kartat, muu aineisto (luokkia voidaan luoda lis\u00e4\u00e4). N\u00e4it\u00e4 metatietoja, kuten henkil\u00f6n syntym\u00e4vuosi, lapset, puoliso tai talon rakennusvuosi, talon numero vanhassa asemakaavassa jne., voidaan k\u00e4ytt\u00e4\u00e4 esim. hakemistojen luomiseen, ihmisten yhdist\u00e4miseen taloihin, laivoihin, muihin ihmisiin, tietojen piirt\u00e4miseen eri aikojen karttoihin jne. Voimme esimerkiksi luetella kaikki laivat rakennusvuoden tai kantaman mukaan lajiteltuna tai piirt\u00e4\u00e4 kartalle, miss\u00e4 ne haaksirikkoutuivat, tai n\u00e4ytt\u00e4\u00e4 laivat, joilla oli tietty kapteeni.<\/p>\n\n\n\n<p>Ota yhteytt\u00e4, jos haluat osallistua<\/p>\n\n\n","protected":false},"excerpt":{"rendered":"<p>KRSDigiArcin tarkoituksena on koota kaikki digitaalinen ja viel\u00e4 digitoimaton aineisto ja historia saman katon alle. Kristiinan vanhat kaupunkikartat, rakennuspiirustukset, palovakuutuskirjat (jotka kertovat suurimman osan rakennuksen varhaishistoriasta) jne. ovat hajallaan alueellisissa arkistoissa, kansallisissa arkistoissa (Ruotsi, Suomi), yliopistojen arkistoissa, kaupunginarkistoissa, ihmisten kodeissa&#8230; Osa asiakirjoista on saatavilla digitaalisesti, mutta ne eiv\u00e4t silti ole helppoja l\u00f6yt\u00e4\u00e4 sellaiselle, joka eiContinue reading &rarr;<\/p>\n","protected":false},"author":1,"featured_media":0,"parent":0,"menu_order":0,"comment_status":"closed","ping_status":"closed","template":"","meta":{"_acf_changed":false,"nf_dc_page":"","om_disable_all_campaigns":false,"_monsterinsights_skip_tracking":false,"_monsterinsights_sitenote_active":false,"_monsterinsights_sitenote_note":"","_monsterinsights_sitenote_category":0,"_uf_show_specific_survey":0,"_uf_disable_surveys":false,"footnotes":""},"class_list":["post-3624","page","type-page","status-publish","hentry","no-thumb"],"acf":[],"aioseo_notices":[],"jetpack_sharing_enabled":true,"_links":{"self":[{"href":"https:\/\/krsdigiarc.com\/fi\/wp-json\/wp\/v2\/pages\/3624","targetHints":{"allow":["GET"]}}],"collection":[{"href":"https:\/\/krsdigiarc.com\/fi\/wp-json\/wp\/v2\/pages"}],"about":[{"href":"https:\/\/krsdigiarc.com\/fi\/wp-json\/wp\/v2\/types\/page"}],"author":[{"embeddable":true,"href":"https:\/\/krsdigiarc.com\/fi\/wp-json\/wp\/v2\/users\/1"}],"replies":[{"embeddable":true,"href":"https:\/\/krsdigiarc.com\/fi\/wp-json\/wp\/v2\/comments?post=3624"}],"version-history":[{"count":4,"href":"https:\/\/krsdigiarc.com\/fi\/wp-json\/wp\/v2\/pages\/3624\/revisions"}],"predecessor-version":[{"id":3629,"href":"https:\/\/krsdigiarc.com\/fi\/wp-json\/wp\/v2\/pages\/3624\/revisions\/3629"}],"wp:attachment":[{"href":"https:\/\/krsdigiarc.com\/fi\/wp-json\/wp\/v2\/media?parent=3624"}],"curies":[{"name":"wp","href":"https:\/\/api.w.org\/{rel}","templated":true}]}}