{"id":167,"date":"2020-12-01T16:59:28","date_gmt":"2020-12-01T16:59:28","guid":{"rendered":"https:\/\/krsdigiarc.com\/hem\/"},"modified":"2021-03-17T18:49:55","modified_gmt":"2021-03-17T18:49:55","slug":"hem","status":"publish","type":"page","link":"https:\/\/krsdigiarc.com\/fi\/","title":{"rendered":"Kristiinankaupungin digitaalinen arkisto"},"content":{"rendered":"\n<div class=\"wp-block-columns is-layout-flex wp-container-core-columns-is-layout-9d6595d7 wp-block-columns-is-layout-flex\">\n<div class=\"wp-block-column is-layout-flow wp-block-column-is-layout-flow\" style=\"flex-basis:66.66%\">\n<p>T\u00e4nne yrit\u00e4mme koota kaiken tuntemamme, ja sinun tuntemasi, aineistot vanhasta Kristiinankaupungista, kuten kaikki tiedot jokaisesta talosta, skannatut dokumentit kuten rakennuspiirustukset, palovakuutuskirjat, valokuvat. Vanhat kaupunkikartat, tutkimukset ja historiikit jne.<\/p>\n\n\n\n<div class=\"alignnormal\"><div id=\"metaslider-id-1897\" style=\"width: 100%;\" class=\"ml-slider-3-107-0 metaslider metaslider-flex metaslider-1897 ml-slider has-dots-nav ms-theme-default\" role=\"region\" aria-label=\"Nytt bildspel\" data-height=\"300\" data-width=\"700\">\n    <div id=\"metaslider_container_1897\">\n        <div id=\"metaslider_1897\">\n            <ul class='slides'>\n                <li style=\"display: block; width: 100%;\" class=\"slide-1901 ms-image \" aria-roledescription=\"slide\" data-date=\"2021-03-16 07:29:45\" data-filename=\"C3_96TA_146_ota146_foto_175-700x300.jpg\" data-slide-type=\"image\"><img data-recalc-dims=\"1\" loading=\"lazy\" decoding=\"async\" src=\"https:\/\/i0.wp.com\/krsdigiarc.com\/wp-content\/uploads\/2021\/03\/C3_96TA_146_ota146_foto_175.jpg?resize=700%2C300&#038;ssl=1\" height=\"300\" width=\"700\" alt=\"\" class=\"slider-1897 slide-1901 msDefaultImage\" title=\"C3_96TA_146_ota146_foto_175\" \/><\/li>\n                <li style=\"display: none; width: 100%;\" class=\"slide-1902 ms-image \" aria-roledescription=\"slide\" data-date=\"2021-03-16 07:29:46\" data-filename=\"C3_96TA_146_ota146_foto_187-700x300.jpg\" data-slide-type=\"image\"><img data-recalc-dims=\"1\" loading=\"lazy\" decoding=\"async\" src=\"https:\/\/i0.wp.com\/krsdigiarc.com\/wp-content\/uploads\/2021\/03\/C3_96TA_146_ota146_foto_187.jpg?resize=700%2C300&#038;ssl=1\" height=\"300\" width=\"700\" alt=\"S\u00f6derfj\u00e4rden i Kristinestad, ytterom varvsudden.\" class=\"slider-1897 slide-1902 msDefaultImage\" title=\"_C3_96TA_146_ota146_foto_187\" \/><div class=\"caption-wrap\"><div class=\"caption\">S\u00f6derfj\u00e4rden i Kristinestad, ytterom varvsudden 1865. finna.fi, Ina Roos<\/div><\/div><\/li>\n                <li style=\"display: none; width: 100%;\" class=\"slide-1903 ms-image \" aria-roledescription=\"slide\" data-date=\"2021-03-16 07:29:46\" data-filename=\"C3_96TA_146_ota146_foto_1651-700x300.jpg\" data-slide-type=\"image\"><img data-recalc-dims=\"1\" loading=\"lazy\" decoding=\"async\" src=\"https:\/\/i0.wp.com\/krsdigiarc.com\/wp-content\/uploads\/2021\/03\/C3_96TA_146_ota146_foto_1651.jpg?resize=700%2C300&#038;ssl=1\" height=\"300\" width=\"700\" alt=\"R\u00e5dhuset och R\u00e5dhusgatan i Kristinestad.\" class=\"slider-1897 slide-1903 msDefaultImage\" title=\"_C3_96TA_146_ota146_foto_1651\" \/><div class=\"caption-wrap\"><div class=\"caption\">R\u00e5dhuset och R\u00e5dhusgatan i Kristinestad. Finna.fi Viktor Hinds<\/div><\/div><\/li>\n                <li style=\"display: none; width: 100%;\" class=\"slide-1904 ms-image \" aria-roledescription=\"slide\" data-date=\"2021-03-16 07:29:46\" data-filename=\"C3_96TA_146_ota146_foto_184-700x300.jpg\" data-slide-type=\"image\"><img data-recalc-dims=\"1\" loading=\"lazy\" decoding=\"async\" src=\"https:\/\/i0.wp.com\/krsdigiarc.com\/wp-content\/uploads\/2021\/03\/C3_96TA_146_ota146_foto_184.jpg?resize=700%2C300&#038;ssl=1\" height=\"300\" width=\"700\" alt=\"Mikaelimarknad i Kristinestad p\u00e5 1890-talet.\" class=\"slider-1897 slide-1904 msDefaultImage\" title=\"_C3_96TA_146_ota146_foto_184\" \/><div class=\"caption-wrap\"><div class=\"caption\">Mikaelimarknad i Kristinestad p\u00e5 1890-talet. Finna.fi Ina Roos<\/div><\/div><\/li>\n                <li style=\"display: none; width: 100%;\" class=\"slide-1918 ms-image \" aria-roledescription=\"slide\" data-date=\"2021-03-16 13:22:33\" data-filename=\"C3_96TA_146_ota146_foto_190-700x300.jpg\" data-slide-type=\"image\"><img data-recalc-dims=\"1\" loading=\"lazy\" decoding=\"async\" src=\"https:\/\/i0.wp.com\/krsdigiarc.com\/wp-content\/uploads\/2021\/03\/C3_96TA_146_ota146_foto_190.jpg?resize=700%2C300&#038;ssl=1\" height=\"300\" width=\"700\" alt=\"F\u00f6rstoring av originalbild av Ina Roos. Finna.fi\" class=\"slider-1897 slide-1918 msDefaultImage\" title=\"_C3_96TA_146_ota146_foto_190\" \/><div class=\"caption-wrap\"><div class=\"caption\">F\u00f6rstoring av originalbild av Ina Roos. Finna.fi<\/div><\/div><\/li>\n                <li style=\"display: none; width: 100%;\" class=\"slide-1919 ms-image \" aria-roledescription=\"slide\" data-date=\"2021-03-16 13:22:35\" data-filename=\"2-700x300.jpg\" data-slide-type=\"image\"><img data-recalc-dims=\"1\" loading=\"lazy\" decoding=\"async\" src=\"https:\/\/i0.wp.com\/krsdigiarc.com\/wp-content\/uploads\/2021\/03\/2.jpg?resize=700%2C300&#038;ssl=1\" height=\"300\" width=\"700\" alt=\"Vy fr\u00e5n Kristinestad\" class=\"slider-1897 slide-1919 msDefaultImage\" title=\"2\" \/><div class=\"caption-wrap\"><div class=\"caption\">Vy fr\u00e5n Kristinestad, Peldan, Lars Johan (1827-1873). Finna.fi<\/div><\/div><\/li>\n                <li style=\"display: none; width: 100%;\" class=\"slide-2689 ms-image \" aria-roledescription=\"slide\" data-date=\"2021-12-30 13:15:01\" data-filename=\"C3_96TA_146_ota146_foto_519-700x300.jpg\" data-slide-type=\"image\"><img data-recalc-dims=\"1\" loading=\"lazy\" decoding=\"async\" src=\"https:\/\/i0.wp.com\/krsdigiarc.com\/wp-content\/uploads\/2021\/12\/C3_96TA_146_ota146_foto_519.jpg?resize=700%2C300&#038;ssl=1\" height=\"300\" width=\"700\" alt=\"Lastfartyg p\u00e5 \u00f6stra sidan av, Svenska litteraturs\u00e4llskapet i Finlands samling, finna.fi\" class=\"slider-1897 slide-2689 msDefaultImage\" title=\"_C3_96TA_146_ota146_foto_519\" \/><div class=\"caption-wrap\"><div class=\"caption\">Lastfartyg p\u00e5 \u00f6stra sidan av, Svenska litteraturs\u00e4llskapet i Finlands samling, finna.fi<\/div><\/div><\/li>\n                <li style=\"display: none; width: 100%;\" class=\"slide-3309 ms-image \" aria-roledescription=\"slide\" data-date=\"2022-04-04 09:37:17\" data-filename=\"C3_96TA_146_ota146_foto_1434-700x300.jpg\" data-slide-type=\"image\"><img data-recalc-dims=\"1\" loading=\"lazy\" decoding=\"async\" src=\"https:\/\/i0.wp.com\/krsdigiarc.com\/wp-content\/uploads\/2022\/04\/C3_96TA_146_ota146_foto_1434.jpg?resize=700%2C300&#038;ssl=1\" height=\"300\" width=\"700\" alt=\"\" class=\"slider-1897 slide-3309 msDefaultImage\" title=\"\u00d6vre torget vid sekelskiftet 1900 s\u00f6derut l\u00e4ngs \u00d6stra L\u00e5nggatan. Svenska litteraturs\u00e4llskapet i Finland, finna.fi\" \/><div class=\"caption-wrap\"><div class=\"caption\">\u00d6vre torget vid sekelskiftet 1900 s\u00f6derut l\u00e4ngs \u00d6stra L\u00e5nggatan. Svenska litteraturs\u00e4llskapet i Finland, finna.fi<\/div><\/div><\/li>\n            <\/ul>\n        <\/div>\n        \n    <\/div>\n<\/div><\/div>\n<\/div>\n\n\n\n<div class=\"wp-block-column is-layout-flow wp-block-column-is-layout-flow\" style=\"flex-basis:33.33%\">\n\t\t<div id=\"recent-posts-5\" class=\"widget widget-sidebar widget_recent_entries amr_widget clear\">\n\t\t<h3 class=\"widget-title\">Uutisia<\/h3>\n\t\t<ul>\n\t\t\t\t\t\t\t\t\t\t\t<li>\n\t\t\t\t\t<a href=\"https:\/\/krsdigiarc.com\/fi\/nelja-uutta-talokylttia\/\">Nelj\u00e4 uutta talokyltti\u00e4<\/a>\n\t\t\t\t\t\t\t\t\t<\/li>\n\t\t\t\t\t\t\t\t\t\t\t<li>\n\t\t\t\t\t<a href=\"https:\/\/krsdigiarc.com\/fi\/fundationsbrev\/\">Kaupungin perustamisasiakirjat krsdigiarcissa<\/a>\n\t\t\t\t\t\t\t\t\t<\/li>\n\t\t\t\t\t\t\t\t\t\t\t<li>\n\t\t\t\t\t<a href=\"https:\/\/krsdigiarc.com\/fi\/las-om-tullstugorna-pa-krsdigiarc\/\">Tullituvat nyt krsdigiarcissa<\/a>\n\t\t\t\t\t\t\t\t\t<\/li>\n\t\t\t\t\t\t\t\t\t\t\t<li>\n\t\t\t\t\t<a href=\"https:\/\/krsdigiarc.com\/fi\/fem-nya-husskyltar\/\">Viisi uutta talokyltti\u00e4<\/a>\n\t\t\t\t\t\t\t\t\t<\/li>\n\t\t\t\t\t\t\t\t\t\t\t<li>\n\t\t\t\t\t<a href=\"https:\/\/krsdigiarc.com\/fi\/alla-gamla-byggnadsritningar-fran-byggnadskontoret-nu-pa-krsdigiarc-com\/\">Kaikki vanhat rakennuspiirustukset nyt krsdigiarc.com:issa<\/a>\n\t\t\t\t\t\t\t\t\t<\/li>\n\t\t\t\t\t\t\t\t\t\t\t<li>\n\t\t\t\t\t<a href=\"https:\/\/krsdigiarc.com\/fi\/kahdeksan-uutta-talokylttia\/\">Kahdeksan uutta talokyltti\u00e4<\/a>\n\t\t\t\t\t\t\t\t\t<\/li>\n\t\t\t\t\t\t\t\t\t\t\t<li>\n\t\t\t\t\t<a href=\"https:\/\/krsdigiarc.com\/fi\/kristinestads-gamla-byggnadsritningar-ur-stadens-arkiv-har-digitaliserats-med-medel-ur-frans-henriksons-fond-forsta-kvarterets-ritningar-nu-tillganliga-har-https-krsdigiarc-com-ritningar\/\">Kristiinan vanhat rakennuspiirustukset on skannattu Frans Henriksonin s\u00e4\u00e4ti\u00f6n tuella.  Ensimm\u00e4isen korttelin piirustukset nyt t\u00e4\u00e4ll\u00e4 https:\/\/krsdigiarc.com\/fi\/rakennuspiirustuksia\/<\/a>\n\t\t\t\t\t\t\t\t\t<\/li>\n\t\t\t\t\t\t\t\t\t\t\t<li>\n\t\t\t\t\t<a href=\"https:\/\/krsdigiarc.com\/fi\/kymmenen-uutta-talokylttia-kiinnitetty\/\">Kymmenen uutta talokyltti\u00e4 kiinnitetty<\/a>\n\t\t\t\t\t\t\t\t\t<\/li>\n\t\t\t\t\t\t\t\t\t\t\t<li>\n\t\t\t\t\t<a href=\"https:\/\/krsdigiarc.com\/fi\/intressant-karta-inskannad-av-krsdigiarc-com\/\">Mielenkiintoinen kartta, Uno Hartman 1891, skannattu krsdigiarc.com toimesta<\/a>\n\t\t\t\t\t\t\t\t\t<\/li>\n\t\t\t\t\t\t\t\t\t\t\t<li>\n\t\t\t\t\t<a href=\"https:\/\/krsdigiarc.com\/fi\/intressant-karta-av-bergentin-fran-1751-donerad-digitalt-av-lasse-backlund\/\">Mielenkiintoinen kartta vuodelta 1751 saatiin Lasse Backlundilta<\/a>\n\t\t\t\t\t\t\t\t\t<\/li>\n\t\t\t\t\t\t\t\t\t\t\t<li>\n\t\t\t\t\t<a href=\"https:\/\/krsdigiarc.com\/fi\/las-om-kristinestads-allmanna-brunnar\/\">Lue Kristiinan yleisist\u00e4 kaivoista<\/a>\n\t\t\t\t\t\t\t\t\t<\/li>\n\t\t\t\t\t<\/ul>\n\n\t\t<\/div>\n<\/div>\n<\/div>\n\n\n\n<p><\/p>\n\n\n\n<p><\/p>\n","protected":false},"excerpt":{"rendered":"<p>T\u00e4nne yrit\u00e4mme koota kaiken tuntemamme, ja sinun tuntemasi, aineistot vanhasta Kristiinankaupungista, kuten kaikki tiedot jokaisesta talosta, skannatut dokumentit kuten rakennuspiirustukset, palovakuutuskirjat, valokuvat. Vanhat kaupunkikartat, tutkimukset ja historiikit jne.<\/p>\n","protected":false},"author":1,"featured_media":0,"parent":0,"menu_order":0,"comment_status":"closed","ping_status":"closed","template":"","meta":{"_acf_changed":false,"nf_dc_page":"","om_disable_all_campaigns":false,"_monsterinsights_skip_tracking":false,"_monsterinsights_sitenote_active":false,"_monsterinsights_sitenote_note":"","_monsterinsights_sitenote_category":0,"_uf_show_specific_survey":0,"_uf_disable_surveys":false,"footnotes":""},"class_list":["post-167","page","type-page","status-publish","hentry","no-thumb"],"acf":[],"aioseo_notices":[],"jetpack_sharing_enabled":true,"_links":{"self":[{"href":"https:\/\/krsdigiarc.com\/fi\/wp-json\/wp\/v2\/pages\/167","targetHints":{"allow":["GET"]}}],"collection":[{"href":"https:\/\/krsdigiarc.com\/fi\/wp-json\/wp\/v2\/pages"}],"about":[{"href":"https:\/\/krsdigiarc.com\/fi\/wp-json\/wp\/v2\/types\/page"}],"author":[{"embeddable":true,"href":"https:\/\/krsdigiarc.com\/fi\/wp-json\/wp\/v2\/users\/1"}],"replies":[{"embeddable":true,"href":"https:\/\/krsdigiarc.com\/fi\/wp-json\/wp\/v2\/comments?post=167"}],"version-history":[{"count":5,"href":"https:\/\/krsdigiarc.com\/fi\/wp-json\/wp\/v2\/pages\/167\/revisions"}],"predecessor-version":[{"id":1935,"href":"https:\/\/krsdigiarc.com\/fi\/wp-json\/wp\/v2\/pages\/167\/revisions\/1935"}],"wp:attachment":[{"href":"https:\/\/krsdigiarc.com\/fi\/wp-json\/wp\/v2\/media?parent=167"}],"curies":[{"name":"wp","href":"https:\/\/api.w.org\/{rel}","templated":true}]}}