{"id":1559,"date":"2021-02-22T06:40:55","date_gmt":"2021-02-22T06:40:55","guid":{"rendered":"https:\/\/krsdigiarc.com\/?page_id=1559"},"modified":"2021-02-22T20:42:43","modified_gmt":"2021-02-22T20:42:43","slug":"about","status":"publish","type":"page","link":"https:\/\/krsdigiarc.com\/fi\/about\/","title":{"rendered":"Tietoa meist\u00e4"},"content":{"rendered":"\n<div class=\"wp-block-columns is-layout-flex wp-container-core-columns-is-layout-9d6595d7 wp-block-columns-is-layout-flex\">\n<div class=\"wp-block-column is-layout-flow wp-block-column-is-layout-flow\">\n<p>Onko sinulla materiaalia, jota voisi lis\u00e4t\u00e4 sivustolle?<\/p>\n\n\n\n<p>Onko nykyisess\u00e4 sis\u00e4ll\u00f6ss\u00e4 mielest\u00e4si korjattavaa?<\/p>\n\n\n\n<p>Haluatko oman kyltin ja talollesi oman sivun?<\/p>\n\n\n\n<p>Laita viesti\u00e4 alla olevalla lomakkeella niin otamme sinuun yhteytt\u00e4!<\/p>\n<\/div>\n<\/div>\n\n\n<div class=\"wpforms-container wpforms-container-full\" id=\"wpforms-532\"><form id=\"wpforms-form-532\" class=\"wpforms-validate wpforms-form\" data-formid=\"532\" method=\"post\" enctype=\"multipart\/form-data\" action=\"\/fi\/wp-json\/wp\/v2\/pages\/1559\" data-token=\"edcf48d4c99c652199ec565d86ae6b19\" data-token-time=\"1775326387\"><noscript class=\"wpforms-error-noscript\">Please enable JavaScript in your browser to complete this form.<\/noscript><div class=\"wpforms-field-container\"><div id=\"wpforms-532-field_0-container\" class=\"wpforms-field wpforms-field-name\" data-field-id=\"0\"><label class=\"wpforms-field-label\" for=\"wpforms-532-field_0\">Nimi - Namn - Name <span class=\"wpforms-required-label\">*<\/span><\/label><input type=\"text\" id=\"wpforms-532-field_0\" class=\"wpforms-field-medium wpforms-field-required\" name=\"wpforms[fields][0]\" required><\/div><div id=\"wpforms-532-field_1-container\" class=\"wpforms-field wpforms-field-email\" data-field-id=\"1\"><label class=\"wpforms-field-label\" for=\"wpforms-532-field_1\">S\u00e4hk\u00f6posti - Epost - Email <span class=\"wpforms-required-label\">*<\/span><\/label><input type=\"email\" id=\"wpforms-532-field_1\" class=\"wpforms-field-medium wpforms-field-required\" name=\"wpforms[fields][1]\" spellcheck=\"false\" required><\/div><div id=\"wpforms-532-field_2-container\" class=\"wpforms-field wpforms-field-textarea\" data-field-id=\"2\"><label class=\"wpforms-field-label\" for=\"wpforms-532-field_2\">Viesti - Meddelande - Message <span class=\"wpforms-required-label\">*<\/span><\/label><textarea id=\"wpforms-532-field_2\" class=\"wpforms-field-medium wpforms-field-required\" name=\"wpforms[fields][2]\" required><\/textarea><\/div><\/div><!-- .wpforms-field-container --><div class=\"wpforms-submit-container\" ><input type=\"hidden\" name=\"wpforms[id]\" value=\"532\"><input type=\"hidden\" name=\"page_title\" value=\"\"><input type=\"hidden\" name=\"page_url\" value=\"https:\/\/krsdigiarc.com\/fi\/wp-json\/wp\/v2\/pages\/1559\"><input type=\"hidden\" name=\"url_referer\" value=\"\"><button type=\"submit\" name=\"wpforms[submit]\" id=\"wpforms-submit-532\" class=\"wpforms-submit\" data-alt-text=\"Sending...\" data-submit-text=\"Skicka - L\u00e4het\u00e4 - Submit\" aria-live=\"assertive\" value=\"wpforms-submit\">Skicka - L\u00e4het\u00e4 - Submit<\/button><\/div><\/form><\/div>  <!-- .wpforms-container -->\n\n\n\n<p>Kristiina-Seuran tarkoituksena on el\u00e4v\u00f6itt\u00e4\u00e4 ja tallentaa Kristiinankaupungin historiallisia perinteit\u00e4 ja tapahtumia sek\u00e4 toimia sellaisten patsaiden, kilpien ja muiden muistomerkkien aikaansaamiseksi, jotka liittyv\u00e4t kuningatar Kristiinaan, kreivi Pietari Braheen tai muihin maineikkaisiin henkil\u00f6ihin, joiden panos kulttuuriin, elinkeinoel\u00e4m\u00e4\u00e4n, hallintoon ja muuhun alaan on ollut merkitt\u00e4v\u00e4 mennein\u00e4 aikoina.<\/p>\n\n\n\n<p>Yhdistyksen tarkoituksena on vaalia yhten\u00e4ist\u00e4 ja el\u00e4v\u00e4\u00e4 vanhaa Kristiinankaupunkia ja erityisesti sen rakennushistoriallista arvoa. Yhdistys el\u00e4v\u00f6itt\u00e4\u00e4 ja tallentaa Kristiinankaupungin historiallisia perinteit\u00e4 ja tapahtumia. Yhdistys j\u00e4rjest\u00e4\u00e4 juhlia, n\u00e4yttelyit\u00e4 ja seminaareja.<\/p>\n","protected":false},"excerpt":{"rendered":"<p>Onko sinulla materiaalia, jota voisi lis\u00e4t\u00e4 sivustolle? Onko nykyisess\u00e4 sis\u00e4ll\u00f6ss\u00e4 mielest\u00e4si korjattavaa? Haluatko oman kyltin ja talollesi oman sivun? Laita viesti\u00e4 alla olevalla lomakkeella niin otamme sinuun yhteytt\u00e4! Kristiina-Seuran tarkoituksena on el\u00e4v\u00f6itt\u00e4\u00e4 ja tallentaa Kristiinankaupungin historiallisia perinteit\u00e4 ja tapahtumia sek\u00e4 toimia sellaisten patsaiden, kilpien ja muiden muistomerkkien aikaansaamiseksi, jotka liittyv\u00e4t kuningatar Kristiinaan, kreivi Pietari BraheenContinue reading &rarr;<\/p>\n","protected":false},"author":1,"featured_media":0,"parent":0,"menu_order":0,"comment_status":"closed","ping_status":"closed","template":"","meta":{"_acf_changed":false,"nf_dc_page":"","om_disable_all_campaigns":false,"_monsterinsights_skip_tracking":false,"_monsterinsights_sitenote_active":false,"_monsterinsights_sitenote_note":"","_monsterinsights_sitenote_category":0,"_uf_show_specific_survey":0,"_uf_disable_surveys":false,"footnotes":""},"class_list":["post-1559","page","type-page","status-publish","hentry","no-thumb"],"acf":[],"aioseo_notices":[],"jetpack_sharing_enabled":true,"_links":{"self":[{"href":"https:\/\/krsdigiarc.com\/fi\/wp-json\/wp\/v2\/pages\/1559","targetHints":{"allow":["GET"]}}],"collection":[{"href":"https:\/\/krsdigiarc.com\/fi\/wp-json\/wp\/v2\/pages"}],"about":[{"href":"https:\/\/krsdigiarc.com\/fi\/wp-json\/wp\/v2\/types\/page"}],"author":[{"embeddable":true,"href":"https:\/\/krsdigiarc.com\/fi\/wp-json\/wp\/v2\/users\/1"}],"replies":[{"embeddable":true,"href":"https:\/\/krsdigiarc.com\/fi\/wp-json\/wp\/v2\/comments?post=1559"}],"version-history":[{"count":3,"href":"https:\/\/krsdigiarc.com\/fi\/wp-json\/wp\/v2\/pages\/1559\/revisions"}],"predecessor-version":[{"id":1575,"href":"https:\/\/krsdigiarc.com\/fi\/wp-json\/wp\/v2\/pages\/1559\/revisions\/1575"}],"wp:attachment":[{"href":"https:\/\/krsdigiarc.com\/fi\/wp-json\/wp\/v2\/media?parent=1559"}],"curies":[{"name":"wp","href":"https:\/\/api.w.org\/{rel}","templated":true}]}}